{"id":568,"date":"2009-05-06T07:16:17","date_gmt":"2009-05-06T05:16:17","guid":{"rendered":"http:\/\/szex.tarhaz.com\/?page_id=568"},"modified":"2016-05-20T10:32:54","modified_gmt":"2016-05-20T08:32:54","slug":"sexshop","status":"publish","type":"page","link":"https:\/\/s1ex.com\/news\/sexshop\/","title":{"rendered":"Szexpl\u00e1za szexshop &#8211; olcs\u00f3 \u00e1rak"},"content":{"rendered":"<p><a href=\"http:\/\/szexplaza.net\/shop\/\"><img loading=\"lazy\" decoding=\"async\" src=\"https:\/\/s1ex.com\/porn\/\/wp-content\/uploads\/2015\/05\/szexshopbol-szexi-jelmezek-obsessive.jpg\" alt=\"szexshopbol-szexi-jelmezek-obsessive\" width=\"625\" height=\"938\" class=\"aligncenter size-full wp-image-1287942\" \/><\/a><\/p>\n<p>Erotikus online webshop! <a href=\"http:\/\/szexplaza.net\/shop\/\">Szexpl\u00e1za online sex webshop<\/a>, olcs\u00f3 erotika web\u00e1ruh\u00e1z. Rendel\u00e9s h\u00e1zhoz, vagy sz\u00e1ll\u00edt\u00e1si pontokra az eg\u00e9sz orsz\u00e1gban. Kaphat\u00f3 minden ami a szexhez csak kellhet. Kateg\u00f3ri\u00e1k:<\/p>\n<div id=\"categorisation_group_43795\" class=\"wpsc_categorisation_group\">\n<ul class=\"wpsc_categories wpsc_top_level_categories\">\n<li class=\"wpsc_category_43795\"><a href=\"http:\/\/szexplaza.net\/shop\/vibratorok\/\">Vibr\u00e1torok<\/a>\n<ul class=\"wpsc_categories wpsc_second_level_categories\">\n<li class=\"wpsc_category_44354\"><a class=\"wpsc_category_link\" href=\"http:\/\/szexplaza.net\/shop\/vibratorok\/exkluziv-vibrator\/\"> Exkluz\u00edv vibr\u00e1torok <\/a><\/li>\n<li class=\"wpsc_category_45238\"><a class=\"wpsc_category_link\" href=\"http:\/\/szexplaza.net\/shop\/vibratorok\/g-pontos-vibrator\/\"> G-pontos vibr\u00e1torok <\/a><\/li>\n<li class=\"wpsc_category_43898\"><a class=\"wpsc_category_link\" href=\"http:\/\/szexplaza.net\/shop\/vibratorok\/letapszthato-vibrator\/\"> Letapaszthat\u00f3 vibr\u00e1torok <\/a><\/li>\n<li class=\"wpsc_category_43848\"><a class=\"wpsc_category_link\" href=\"http:\/\/szexplaza.net\/shop\/vibratorok\/rudvibratorok\/\"> R\u00fadvibr\u00e1torok <\/a><\/li>\n<li class=\"wpsc_category_43820\"><a class=\"wpsc_category_link\" href=\"http:\/\/szexplaza.net\/shop\/vibratorok\/realisztikus-vibrator\/\"> Realisztikus vibr\u00e1torok <\/a><\/li>\n<li class=\"wpsc_category_43894\"><a class=\"wpsc_category_link\" href=\"http:\/\/szexplaza.net\/shop\/vibratorok\/forgofejes-vibratorok\/\"> Speci\u00e1lis tud\u00e1s\u00fa vibr\u00e1torok <\/a><\/li>\n<li class=\"wpsc_category_43834\"><a class=\"wpsc_category_link\" href=\"http:\/\/szexplaza.net\/shop\/vibratorok\/zseles-vibratorok\/\"> Zsel\u00e9s, szilikonos vibr\u00e1torok <\/a><\/li>\n<\/ul>\n<\/li>\n<\/ul>\n<\/div>\n<div id=\"categorisation_group_43997\" class=\"wpsc_categorisation_group\">\n<ul class=\"wpsc_categories wpsc_top_level_categories\">\n<li class=\"wpsc_category_43997\"><a href=\"http:\/\/szexplaza.net\/shop\/csikloizgatok\/\">Csikl\u00f3izgat\u00f3k<\/a>\n<ul class=\"wpsc_categories wpsc_second_level_categories\">\n<li class=\"wpsc_category_43998\"><a class=\"wpsc_category_link\" href=\"http:\/\/szexplaza.net\/shop\/csikloizgatok\/csiklo-izgatok\/\"> Csikl\u00f3izgat\u00f3k <\/a><\/li>\n<li class=\"wpsc_category_44694\"><a class=\"wpsc_category_link\" href=\"http:\/\/szexplaza.net\/shop\/csikloizgatok\/pillango-csikloizgatok\/\"> Pillang\u00f3k <\/a><\/li>\n<li class=\"wpsc_category_44221\"><a class=\"wpsc_category_link\" href=\"http:\/\/szexplaza.net\/shop\/csikloizgatok\/tojasok\/\"> Toj\u00e1sok <\/a><\/li>\n<\/ul>\n<\/li>\n<\/ul>\n<\/div>\n<div id=\"categorisation_group_43806\" class=\"wpsc_categorisation_group\">\n<ul class=\"wpsc_categories wpsc_top_level_categories\">\n<li class=\"wpsc_category_43806\"><a href=\"http:\/\/szexplaza.net\/shop\/analis-eszkozok\/\">An\u00e1lis eszk\u00f6z\u00f6k<\/a>\n<ul class=\"wpsc_categories wpsc_second_level_categories\">\n<li class=\"wpsc_category_44014\"><a class=\"wpsc_category_link\" href=\"http:\/\/szexplaza.net\/shop\/analis-eszkozok\/anal-golyo\/\"> An\u00e1l goly\u00f3k <\/a><\/li>\n<li class=\"wpsc_category_43807\"><a class=\"wpsc_category_link\" href=\"http:\/\/szexplaza.net\/shop\/analis-eszkozok\/anal-tagito\/\"> An\u00e1lis eszk\u00f6z\u00f6k vibr\u00e1tor n\u00e9lk\u00fcl <\/a><\/li>\n<li class=\"wpsc_category_43864\"><a class=\"wpsc_category_link\" href=\"http:\/\/szexplaza.net\/shop\/analis-eszkozok\/anal-vibrator\/\"> An\u00e1lis eszk\u00f6z\u00f6k vibr\u00e1torral <\/a><\/li>\n<li class=\"wpsc_category_44161\"><a class=\"wpsc_category_link\" href=\"http:\/\/szexplaza.net\/shop\/analis-eszkozok\/prosztataizgato\/\"> Prosztataizgat\u00f3k <\/a><\/li>\n<\/ul>\n<\/li>\n<\/ul>\n<\/div>\n<div id=\"categorisation_group_43903\" class=\"wpsc_categorisation_group\">\n<ul class=\"wpsc_categories wpsc_top_level_categories\">\n<li class=\"wpsc_category_43903\"><a href=\"http:\/\/szexplaza.net\/shop\/dildok\/\">Dild\u00f3k<\/a>\n<ul class=\"wpsc_categories wpsc_second_level_categories\">\n<li class=\"wpsc_category_44642\"><a class=\"wpsc_category_link\" href=\"http:\/\/szexplaza.net\/shop\/dildok\/exkluziv-dildok\/\"> Exkluz\u00edv dild\u00f3k <\/a><\/li>\n<li class=\"wpsc_category_44097\"><a class=\"wpsc_category_link\" href=\"http:\/\/szexplaza.net\/shop\/dildok\/ketvegu-dido\/\"> K\u00e9tv\u00e9g\u0171 dild\u00f3 <\/a><\/li>\n<li class=\"wpsc_category_43908\"><a class=\"wpsc_category_link\" href=\"http:\/\/szexplaza.net\/shop\/dildok\/realisztikus-dildok\/\"> Realisztikus dild\u00f3k <\/a><\/li>\n<\/ul>\n<\/li>\n<\/ul>\n<\/div>\n<div id=\"categorisation_group_43877\" class=\"wpsc_categorisation_group\">\n<ul class=\"wpsc_categories wpsc_top_level_categories\">\n<li class=\"wpsc_category_43877\"><a href=\"http:\/\/szexplaza.net\/shop\/felcsatolhato-eszkoz\/\">Felcsatolhat\u00f3 eszk\u00f6z\u00f6k<\/a><\/li>\n<\/ul>\n<\/div>\n<div id=\"categorisation_group_43912\" class=\"wpsc_categorisation_group\">\n<ul class=\"wpsc_categories wpsc_top_level_categories\">\n<li class=\"wpsc_category_43912\"><a href=\"http:\/\/szexplaza.net\/shop\/gesagolyok\/\">G\u00e9sagoly\u00f3k<\/a><\/li>\n<\/ul>\n<\/div>\n<div id=\"categorisation_group_44178\" class=\"wpsc_categorisation_group\">\n<ul class=\"wpsc_categories wpsc_top_level_categories\">\n<li class=\"wpsc_category_44178\"><a href=\"http:\/\/szexplaza.net\/shop\/intim-keszlet\/\">Intimk\u00e9szletek<\/a><\/li>\n<\/ul>\n<\/div>\n<div id=\"categorisation_group_43945\" class=\"wpsc_categorisation_group\">\n<ul class=\"wpsc_categories wpsc_top_level_categories\">\n<li class=\"wpsc_category_43945\"><a href=\"http:\/\/szexplaza.net\/shop\/vaginak\/\">Maszturb\u00e1torok<\/a>\n<ul class=\"wpsc_categories wpsc_second_level_categories\">\n<li class=\"wpsc_category_43950\"><a class=\"wpsc_category_link\" href=\"http:\/\/szexplaza.net\/shop\/vaginak\/vibrator-nelkuli-maszturbator\/\"> Vibr\u00e1tor n\u00e9lk\u00fcli masztrub\u00e1torok <\/a><\/li>\n<li class=\"wpsc_category_44195\"><a class=\"wpsc_category_link\" href=\"http:\/\/szexplaza.net\/shop\/vaginak\/vibratoros-maszturbator\/\"> Vibr\u00e1toros maszturb\u00e1torok <\/a><\/li>\n<\/ul>\n<\/li>\n<\/ul>\n<\/div>\n<div id=\"categorisation_group_44051\" class=\"wpsc_categorisation_group\">\n<ul class=\"wpsc_categories wpsc_top_level_categories\">\n<li class=\"wpsc_category_44051\"><a href=\"http:\/\/szexplaza.net\/shop\/peniszgyuruk\/\">P\u00e9niszgy\u0171r\u0171k, mandzsett\u00e1k<\/a>\n<ul class=\"wpsc_categories wpsc_second_level_categories\">\n<li class=\"wpsc_category_44206\"><a class=\"wpsc_category_link\" href=\"http:\/\/szexplaza.net\/shop\/peniszgyuruk\/penisz-hosszabbito\/\"> Hosszabb\u00edt\u00f3k <\/a><\/li>\n<li class=\"wpsc_category_44270\"><a class=\"wpsc_category_link\" href=\"http:\/\/szexplaza.net\/shop\/peniszgyuruk\/mandzsetta\/\"> Mandzsett\u00e1k <\/a><\/li>\n<li class=\"wpsc_category_44050\"><a class=\"wpsc_category_link\" href=\"http:\/\/szexplaza.net\/shop\/peniszgyuruk\/penisz-gyuru\/\"> P\u00e9niszgy\u0171r\u0171k <\/a><\/li>\n<\/ul>\n<\/li>\n<\/ul>\n<\/div>\n<div id=\"categorisation_group_44419\" class=\"wpsc_categorisation_group\">\n<ul class=\"wpsc_categories wpsc_top_level_categories\">\n<li class=\"wpsc_category_44419\"><a href=\"http:\/\/szexplaza.net\/shop\/potencianovelo-tabletta\/\">Potencian\u00f6vel\u0151k<\/a><\/li>\n<\/ul>\n<\/div>\n<div id=\"categorisation_group_43990\" class=\"wpsc_categorisation_group\">\n<ul class=\"wpsc_categories wpsc_top_level_categories\">\n<li class=\"wpsc_category_43990\"><a href=\"http:\/\/szexplaza.net\/shop\/sadomazo\/\">S\/M term\u00e9kek<\/a>\n<ul class=\"wpsc_categories wpsc_second_level_categories\">\n<li class=\"wpsc_category_44100\"><a class=\"wpsc_category_link\" href=\"http:\/\/szexplaza.net\/shop\/sadomazo\/bilincsek\/\"> Bilincsek <\/a><\/li>\n<li class=\"wpsc_category_45130\"><a class=\"wpsc_category_link\" href=\"http:\/\/szexplaza.net\/shop\/sadomazo\/egyeb-sm\/\"> Egy\u00e9b <\/a><\/li>\n<li class=\"wpsc_category_45926\"><a class=\"wpsc_category_link\" href=\"http:\/\/szexplaza.net\/shop\/sadomazo\/kotozok\/\"> K\u00f6t\u00f6z\u0151k <\/a><\/li>\n<li class=\"wpsc_category_44242\"><a class=\"wpsc_category_link\" href=\"http:\/\/szexplaza.net\/shop\/sadomazo\/maszkok\/\"> Maszkok <\/a><\/li>\n<li class=\"wpsc_category_43988\"><a class=\"wpsc_category_link\" href=\"http:\/\/szexplaza.net\/shop\/sadomazo\/mellcsipeszek\/\"> Mellcsipeszek <\/a><\/li>\n<li class=\"wpsc_category_45170\"><a class=\"wpsc_category_link\" href=\"http:\/\/szexplaza.net\/shop\/sadomazo\/paskolok\/\"> Paskol\u00f3k <\/a><\/li>\n<\/ul>\n<\/li>\n<\/ul>\n<\/div>\n<div id=\"categorisation_group_43798\" class=\"wpsc_categorisation_group\">\n<ul class=\"wpsc_categories wpsc_top_level_categories\">\n<li class=\"wpsc_category_43798\"><a href=\"http:\/\/szexplaza.net\/shop\/kellekek\/\">Seg\u00e9deszk\u00f6z\u00f6k<\/a><\/li>\n<\/ul>\n<\/div>\n<div id=\"categorisation_group_44074\" class=\"wpsc_categorisation_group\">\n<ul class=\"wpsc_categories wpsc_top_level_categories\">\n<li class=\"wpsc_category_44074\"><a href=\"http:\/\/szexplaza.net\/shop\/sikosito-gel\/\">Sikos\u00edt\u00f3k<\/a><\/li>\n<\/ul>\n<\/div>\n<div id=\"categorisation_group_44028\" class=\"wpsc_categorisation_group\">\n<ul class=\"wpsc_categories wpsc_top_level_categories\">\n<li class=\"wpsc_category_44028\"><a href=\"http:\/\/szexplaza.net\/shop\/szexbabak\/\">Szexbab\u00e1k<\/a><\/li>\n<\/ul>\n<\/div>\n<div id=\"categorisation_group_43714\" class=\"wpsc_categorisation_group\">\n<ul class=\"wpsc_categories wpsc_top_level_categories\">\n<li class=\"wpsc_category_43714\"><a href=\"http:\/\/szexplaza.net\/shop\/szexi-fehernemuk\/\">Szexi feh\u00e9rnem\u0171k<\/a>\n<ul class=\"wpsc_categories wpsc_second_level_categories\">\n<li class=\"wpsc_category_43708\"><a class=\"wpsc_category_link\" href=\"http:\/\/szexplaza.net\/shop\/szexi-fehernemuk\/cicaruhak\/\"> Cicaruh\u00e1k <\/a><\/li>\n<li class=\"wpsc_category_44341\"><a class=\"wpsc_category_link\" href=\"http:\/\/szexplaza.net\/shop\/szexi-fehernemuk\/harisnyak\/\"> Harisny\u00e1k <\/a><\/li>\n<li class=\"wpsc_category_44392\"><a class=\"wpsc_category_link\" href=\"http:\/\/szexplaza.net\/shop\/szexi-fehernemuk\/szexi-kiegeszitok\/\"> Kieg\u00e9sz\u00edt\u0151k <\/a><\/li>\n<li class=\"wpsc_category_44322\"><a class=\"wpsc_category_link\" href=\"http:\/\/szexplaza.net\/shop\/szexi-fehernemuk\/szexi-jelemzek\/\"> Szexi jelmezek <\/a><\/li>\n<li class=\"wpsc_category_43725\"><a class=\"wpsc_category_link\" href=\"http:\/\/szexplaza.net\/shop\/szexi-fehernemuk\/szexi-ruha\/\"> Szexi ruh\u00e1k <\/a><\/li>\n<\/ul>\n<\/li>\n<\/ul>\n<\/div>\n<div id=\"categorisation_group_43874\" class=\"wpsc_categorisation_group\">\n<ul class=\"wpsc_categories wpsc_top_level_categories\">\n<li class=\"wpsc_category_43874\"><a href=\"http:\/\/szexplaza.net\/shop\/szex-drogeria\/\">Szexpatika<\/a>\n<ul class=\"wpsc_categories wpsc_second_level_categories\">\n<li class=\"wpsc_category_44626\"><a class=\"wpsc_category_link\" href=\"http:\/\/szexplaza.net\/shop\/szex-drogeria\/ovszerek-szex-drogeria\/\"> \u00d3vszerek <\/a><\/li>\n<li class=\"wpsc_category_43868\"><a class=\"wpsc_category_link\" href=\"http:\/\/szexplaza.net\/shop\/szex-drogeria\/intim-higenia\/\"> Intim hig\u00e9nia <\/a><\/li>\n<li class=\"wpsc_category_43976\"><a class=\"wpsc_category_link\" href=\"http:\/\/szexplaza.net\/shop\/szex-drogeria\/krem-spray\/\"> Kr\u00e9mek, sprayk <\/a><\/li>\n<li class=\"wpsc_category_43968\"><a class=\"wpsc_category_link\" href=\"http:\/\/szexplaza.net\/shop\/szex-drogeria\/feromon-parfum\/\"> Parf\u00fcm\u00f6k <\/a><\/li>\n<\/ul>\n<\/li>\n<\/ul>\n<\/div>\n<div id=\"categorisation_group_44060\" class=\"wpsc_categorisation_group\">\n<ul class=\"wpsc_categories wpsc_top_level_categories\">\n<li class=\"wpsc_category_44060\"><a href=\"http:\/\/szexplaza.net\/shop\/ajandekok\/\">Aj\u00e1nd\u00e9k t\u00e1rgyak<\/a>\n<ul class=\"wpsc_categories wpsc_second_level_categories\">\n<li class=\"wpsc_category_44062\"><a class=\"wpsc_category_link\" href=\"http:\/\/szexplaza.net\/shop\/ajandekok\/jatekok-tarsasjatekok\/\"> J\u00e1t\u00e9kok t\u00e1rsasj\u00e1t\u00e9kok <\/a><\/li>\n<li class=\"wpsc_category_44169\"><a class=\"wpsc_category_link\" href=\"http:\/\/szexplaza.net\/shop\/ajandekok\/vicces-ajandekok\/\"> Vicces aj\u00e1nd\u00e9kok <\/a><\/li>\n<\/ul>\n<\/li>\n<\/ul>\n<\/div>\n<div id=\"categorisation_group_48849\" class=\"wpsc_categorisation_group\">\n<ul class=\"wpsc_categories wpsc_top_level_categories\">\n<li class=\"wpsc_category_48849\"><a href=\"http:\/\/szexplaza.net\/shop\/dvd-video\/\">DVD-vide\u00f3k<\/a><\/li>\n<\/ul>\n<\/div>\n","protected":false},"excerpt":{"rendered":"<p>Erotikus online webshop! Szexpl\u00e1za online sex webshop, olcs\u00f3 erotika web\u00e1ruh\u00e1z. Rendel\u00e9s h\u00e1zhoz, vagy sz\u00e1ll\u00edt\u00e1si pontokra az eg\u00e9sz orsz\u00e1gban. Kaphat\u00f3 minden ami a szexhez csak kellhet. Kateg\u00f3ri\u00e1k: Vibr\u00e1torok Exkluz\u00edv vibr\u00e1torok G-pontos vibr\u00e1torok Letapaszthat\u00f3 vibr\u00e1torok R\u00fadvibr\u00e1torok Realisztikus vibr\u00e1torok Speci\u00e1lis tud\u00e1s\u00fa vibr\u00e1torok Zsel\u00e9s, szilikonos vibr\u00e1torok Csikl\u00f3izgat\u00f3k Csikl\u00f3izgat\u00f3k Pillang\u00f3k Toj\u00e1sok An\u00e1lis eszk\u00f6z\u00f6k An\u00e1l goly\u00f3k An\u00e1lis eszk\u00f6z\u00f6k vibr\u00e1tor n\u00e9lk\u00fcl An\u00e1lis &#8230; <a title=\"Szexpl\u00e1za szexshop &#8211; olcs\u00f3 \u00e1rak\" class=\"read-more\" href=\"https:\/\/s1ex.com\/news\/sexshop\/\" aria-label=\"Read more about Szexpl\u00e1za szexshop &#8211; olcs\u00f3 \u00e1rak\">Olvass tov\u00e1bb<\/a><\/p>\n","protected":false},"author":3,"featured_media":0,"parent":0,"menu_order":0,"comment_status":"open","ping_status":"open","template":"page-sidebar.php","meta":{"footnotes":""},"class_list":["post-568","page","type-page","status-publish"],"aioseo_notices":[],"_links":{"self":[{"href":"https:\/\/s1ex.com\/news\/wp-json\/wp\/v2\/pages\/568","targetHints":{"allow":["GET"]}}],"collection":[{"href":"https:\/\/s1ex.com\/news\/wp-json\/wp\/v2\/pages"}],"about":[{"href":"https:\/\/s1ex.com\/news\/wp-json\/wp\/v2\/types\/page"}],"author":[{"embeddable":true,"href":"https:\/\/s1ex.com\/news\/wp-json\/wp\/v2\/users\/3"}],"replies":[{"embeddable":true,"href":"https:\/\/s1ex.com\/news\/wp-json\/wp\/v2\/comments?post=568"}],"version-history":[{"count":0,"href":"https:\/\/s1ex.com\/news\/wp-json\/wp\/v2\/pages\/568\/revisions"}],"wp:attachment":[{"href":"https:\/\/s1ex.com\/news\/wp-json\/wp\/v2\/media?parent=568"}],"curies":[{"name":"wp","href":"https:\/\/api.w.org\/{rel}","templated":true}]}}