{"id":7641,"date":"2009-07-05T17:36:28","date_gmt":"2009-07-05T15:36:28","guid":{"rendered":"http:\/\/szex.tarhaz.com\/?page_id=7641"},"modified":"2016-05-20T10:32:49","modified_gmt":"2016-05-20T08:32:49","slug":"intim-center","status":"publish","type":"page","link":"https:\/\/s1ex.com\/news\/sexshop\/intim-center\/","title":{"rendered":"Intim Center"},"content":{"rendered":"<p><img loading=\"lazy\" decoding=\"async\" class=\"alignleft\" title=\"szexshop\" src=\"http:\/\/szex.tarhaz.com\/wp-content\/uploads\/2009\/07\/szexshop.jpg\" alt=\"szexshop\" width=\"312\" height=\"442\" \/><\/p>\n<p><strong>Intim Center <\/strong><br \/>\n1052 Budapest, K\u00e1roly krt 14. Tel: 317-0918 &#8211; <a href=\"http:\/\/www.lavju.hu\">www.lavju.hu<\/a><\/p>\n<p><strong>Az \u00fczlet<\/strong><br \/>\n18 \u00e9ve nyitottunk. Az \u00fczlet Astori\u00e1t\u00f3l 40 m\u00e9terre a De\u00e1k t\u00e9r fel\u00e9 tal\u00e1lhat\u00f3 a K\u00e1roly krt. 14. sz. alatti h\u00e1z f\u00e9lemelet\u00e9n. \u00dagy j\u00f6het be a h\u00e1zba, mint egy lak\u00f3. A f\u00e9lemeleten csak az \u00fczlet van. A szexu\u00e1lis seg\u00e9deszk\u00f6z\u00f6ket beszerz\u00e9s\u00e9re k\u00fcl\u00f6n\u00f6s gondot ford\u00edtunk, v\u00e1laszt\u00e9kunk naprak\u00e9sz. A minden t\u00e9mak\u00f6rt \u00e1tfog\u00f3 porn\u00f3film v\u00e1laszt\u00e9kunkb\u00f3l v\u00e1s\u00e1rolhat, k\u00f6lcs\u00f6n\u00f6zhet, kabinban megn\u00e9zheti. Azt tan\u00e1csoljuk, hogy f\u00e1radjanak el \u00fczlet\u00fcnkbe, ahol tapasztalt elad\u00f3ink megmutatj\u00e1k a term\u00e9keket, annak form\u00e1j\u00e1t, min\u0151s\u00e9g\u00e9t tapint\u00e1ssal \u00e9rz\u00e9kelheti.<\/p>\n<p>Vide\u00f3kabinok: 20 db egy \u00e9s k\u00e9t szem\u00e9lyes klimatiz\u00e1lt vide\u00f3kabin. DVD \u00e9s VHS filmek: t\u00f6bb mint 10.000 porn\u00f3film minden t\u00e9m\u00e1ban! V\u00e1s\u00e1rl\u00e1s, k\u00f6lcs\u00f6nz\u00e9s, csere! Szexu\u00e1lis seg\u00e9deszk\u00f6z\u00f6k: az \u00fczletben minden szolidabb \u00e9s professzin\u00e1lis eszk\u00f6z megtal\u00e1lhat\u00f3, ami a vil\u00e1gon csak kaphat\u00f3: Vibr\u00e1torok,\u00a0p\u00e9niszek,\u00a0felcsatolhat\u00f3 eszk\u00f6z\u00f6k,\u00a0vagin\u00e1k,\u00a0k\u00e9szletek,\u00a0p\u00e9niszpump\u00e1k, bab\u00e1k, g\u00e9sagoly\u00f3k,\u00a0sikos\u00edt\u00f3k,\u00a0cyber term\u00e9kek,\u00a0pillang\u00f3k,\u00a0t\u00e1g\u00edt\u00f3k,\u00a0szexi ruh\u00e1k,\u00a0egy\u00e9b term\u00e9kek!<\/p>\n<p><img loading=\"lazy\" decoding=\"async\" class=\"alignleft size-full wp-image-7648\" title=\"intim_center\" src=\"http:\/\/szex.tarhaz.com\/wp-content\/uploads\/2009\/07\/intim_center.jpg\" alt=\"intim_center\" width=\"600\" height=\"400\" srcset=\"https:\/\/s1ex.com\/news\/wp-content\/uploads\/2009\/07\/intim_center.jpg 600w, https:\/\/s1ex.com\/news\/wp-content\/uploads\/2009\/07\/intim_center-300x200.jpg 300w\" sizes=\"auto, (max-width: 600px) 100vw, 600px\" \/><\/p>\n<p>\u00a0<\/p>\n<p><img loading=\"lazy\" decoding=\"async\" class=\"alignleft size-full wp-image-7649\" title=\"dvd-pornofilmek\" src=\"http:\/\/szex.tarhaz.com\/wp-content\/uploads\/2009\/07\/dvd-pornofilmek.jpg\" alt=\"dvd-pornofilmek\" width=\"600\" height=\"400\" srcset=\"https:\/\/s1ex.com\/news\/wp-content\/uploads\/2009\/07\/dvd-pornofilmek.jpg 600w, https:\/\/s1ex.com\/news\/wp-content\/uploads\/2009\/07\/dvd-pornofilmek-300x200.jpg 300w\" sizes=\"auto, (max-width: 600px) 100vw, 600px\" \/><\/p>\n<p>\u00a0<\/p>\n<p><img loading=\"lazy\" decoding=\"async\" class=\"alignleft size-full wp-image-7650\" title=\"kabinok\" src=\"http:\/\/szex.tarhaz.com\/wp-content\/uploads\/2009\/07\/kabinok.jpg\" alt=\"kabinok\" width=\"600\" height=\"400\" srcset=\"https:\/\/s1ex.com\/news\/wp-content\/uploads\/2009\/07\/kabinok.jpg 600w, https:\/\/s1ex.com\/news\/wp-content\/uploads\/2009\/07\/kabinok-300x200.jpg 300w\" sizes=\"auto, (max-width: 600px) 100vw, 600px\" \/><\/p>\n<p><strong>Webshop<br \/>\n<\/strong>A webshopban az \u00fczleti v\u00e1laszt\u00e9k egy r\u00e9sze tal\u00e1lhat\u00f3. Rendel\u00e9s eset\u00e9n az \u00f6nnek k\u00fcld\u00f6tt csomag teljesen diszkr\u00e9t, a felad\u00f3 a 4 T\u00e1rs Kft. A term\u00e9kek rakt\u00e1ron vannak, ez\u00e9rt a megrendel\u00e9s be\u00e9rkez\u00e9se ut\u00e1n gyorsan tudjuk post\u00e1zni, vagy fut\u00e1rral k\u00fcldeni!<\/p>\n<p>T\u00e9rk\u00e9p \u00e9s \u00fatvonal tervez\u0151:<br \/>\n<iframe loading=\"lazy\" width=\"625\" height=\"450\" frameborder=\"0\" scrolling=\"no\" marginheight=\"0\" marginwidth=\"0\" src=\"http:\/\/maps.google.com\/maps?f=q&amp;source=s_q&amp;hl=hu&amp;geocode=&amp;q=budapest,+k%C3%A1roly+krt+14&amp;sll=37.0625,-95.677068&amp;sspn=42.310334,67.5&amp;ie=UTF8&amp;z=14&amp;ll=47.502533,19.063253&amp;output=embed\"><\/iframe><br \/><small><a href=\"http:\/\/maps.google.com\/maps?f=q&amp;source=embed&amp;hl=hu&amp;geocode=&amp;q=budapest,+k%C3%A1roly+krt+14&amp;sll=37.0625,-95.677068&amp;sspn=42.310334,67.5&amp;ie=UTF8&amp;z=14&amp;ll=47.502533,19.063253\" style=\"color:#0000FF;text-align:left\">Nagyobb t\u00e9rk\u00e9pre v\u00e1lt\u00e1s<\/a><\/small><\/p>\n","protected":false},"excerpt":{"rendered":"<p>Intim Center 1052 Budapest, K\u00e1roly krt 14. Tel: 317-0918 &#8211; www.lavju.hu Az \u00fczlet 18 \u00e9ve nyitottunk. Az \u00fczlet Astori\u00e1t\u00f3l 40 m\u00e9terre a De\u00e1k t\u00e9r fel\u00e9 tal\u00e1lhat\u00f3 a K\u00e1roly krt. 14. sz. alatti h\u00e1z f\u00e9lemelet\u00e9n. \u00dagy j\u00f6het be a h\u00e1zba, mint egy lak\u00f3. A f\u00e9lemeleten csak az \u00fczlet van. A szexu\u00e1lis seg\u00e9deszk\u00f6z\u00f6ket beszerz\u00e9s\u00e9re k\u00fcl\u00f6n\u00f6s gondot ford\u00edtunk, &#8230; <a title=\"Intim Center\" class=\"read-more\" href=\"https:\/\/s1ex.com\/news\/sexshop\/intim-center\/\" aria-label=\"Read more about Intim Center\">Olvass tov\u00e1bb<\/a><\/p>\n","protected":false},"author":3,"featured_media":0,"parent":568,"menu_order":0,"comment_status":"open","ping_status":"open","template":"page-sidebar.php","meta":{"footnotes":""},"class_list":["post-7641","page","type-page","status-publish"],"aioseo_notices":[],"_links":{"self":[{"href":"https:\/\/s1ex.com\/news\/wp-json\/wp\/v2\/pages\/7641","targetHints":{"allow":["GET"]}}],"collection":[{"href":"https:\/\/s1ex.com\/news\/wp-json\/wp\/v2\/pages"}],"about":[{"href":"https:\/\/s1ex.com\/news\/wp-json\/wp\/v2\/types\/page"}],"author":[{"embeddable":true,"href":"https:\/\/s1ex.com\/news\/wp-json\/wp\/v2\/users\/3"}],"replies":[{"embeddable":true,"href":"https:\/\/s1ex.com\/news\/wp-json\/wp\/v2\/comments?post=7641"}],"version-history":[{"count":0,"href":"https:\/\/s1ex.com\/news\/wp-json\/wp\/v2\/pages\/7641\/revisions"}],"up":[{"embeddable":true,"href":"https:\/\/s1ex.com\/news\/wp-json\/wp\/v2\/pages\/568"}],"wp:attachment":[{"href":"https:\/\/s1ex.com\/news\/wp-json\/wp\/v2\/media?parent=7641"}],"curies":[{"name":"wp","href":"https:\/\/api.w.org\/{rel}","templated":true}]}}