{"id":568,"date":"2009-05-06T07:16:17","date_gmt":"2009-05-06T05:16:17","guid":{"rendered":"http:\/\/szex.tarhaz.com\/?page_id=568"},"modified":"2017-10-30T11:31:12","modified_gmt":"2017-10-30T10:31:12","slug":"sexshop","status":"publish","type":"page","link":"https:\/\/s1ex.com\/porn\/sexshop\/","title":{"rendered":"Online szexshop \u00e9s budapesti szexbolt"},"content":{"rendered":"<p><strong>SZEXSHOP \u00dcZLET <\/strong>1Lavju szexshop4, K\u00e1roly krt. 14. f\u00e9lemelet, nyitva minden nap! Minden van rakt\u00e1ron!<\/p>\n<p><strong>ONLINE SZEXSHOP<\/strong> <a href=\"http:\/\/szexplaza.net\/shop\/\">Szexpl\u00e1za online szexshop<\/a> rendel\u00e9s regisztr\u00e1ci\u00f3 n\u00e9lk\u00fcl! A term\u00e9keket megrendelheted lakc\u00edmre, vagy sz\u00e1ll\u00edt\u00e1si pontokra. Meg is v\u00e1s\u00e1rolhatod a budapesti Szexshop \u00fczletben, minden van rakt\u00e1ron: Bp. K\u00e1roly krt. 14. f\u00e9lemelet.<\/p>\n<p><a href=\"https:\/\/lavju.hu\"><img loading=\"lazy\" decoding=\"async\" class=\"aligncenter size-full wp-image-1295023\" src=\"http:\/\/s1ex.com\/news\/wp-content\/uploads\/2016\/02\/szexshop-szerkesztoseg-blogiras-es-szex-tanacsok.jpg\" alt=\"\" width=\"625\" height=\"751\" \/><\/a><\/p>\n<p>Szexshop term\u00e9kkateg\u00f3ri\u00e1k: <a href=\"http:\/\/szexplaza.net\/shop\/vibratorok\/\">vibr\u00e1torok<\/a>, <a class=\"wpsc_category_link\" href=\"http:\/\/szexplaza.net\/shop\/vibratorok\/exkluziv-vibrator\/\">exkluz\u00edv vibr\u00e1torok<\/a>, <a class=\"wpsc_category_link\" href=\"http:\/\/szexplaza.net\/shop\/vibratorok\/g-pontos-vibrator\/\">g-pontos vibr\u00e1torok<\/a>, <a class=\"wpsc_category_link\" href=\"http:\/\/szexplaza.net\/shop\/vibratorok\/letapszthato-vibrator\/\">letapaszthat\u00f3 vibr\u00e1torok<\/a>, <a class=\"wpsc_category_link\" href=\"http:\/\/szexplaza.net\/shop\/vibratorok\/rudvibratorok\/\">r\u00fadvibr\u00e1torok<\/a>, <a class=\"wpsc_category_link\" href=\"http:\/\/szexplaza.net\/shop\/vibratorok\/realisztikus-vibrator\/\">realisztikus vibr\u00e1torok<\/a>, <a class=\"wpsc_category_link\" href=\"http:\/\/szexplaza.net\/shop\/vibratorok\/forgofejes-vibratorok\/\">speci\u00e1lis tud\u00e1s\u00fa vibr\u00e1torok<\/a>, <a class=\"wpsc_category_link\" href=\"http:\/\/szexplaza.net\/shop\/vibratorok\/zseles-vibratorok\/\">zsel\u00e9s szilikonos vibr\u00e1torok<\/a>, <a href=\"http:\/\/szexplaza.net\/shop\/csikloizgatok\/\">csikl\u00f3izgat\u00f3k<\/a>, <a class=\"wpsc_category_link\" href=\"http:\/\/szexplaza.net\/shop\/csikloizgatok\/csiklo-izgatok\/\">klitorisz izgat\u00f3k<\/a>, <a class=\"wpsc_category_link\" href=\"http:\/\/szexplaza.net\/shop\/csikloizgatok\/pillango-csikloizgatok\/\">pillang\u00f3k<\/a>, <a class=\"wpsc_category_link\" href=\"http:\/\/szexplaza.net\/shop\/csikloizgatok\/tojasok\/\">toj\u00e1sok<\/a>, <a href=\"http:\/\/szexplaza.net\/shop\/analis-eszkozok\/\">an\u00e1lis eszk\u00f6z\u00f6k<\/a>, <a class=\"wpsc_category_link\" href=\"http:\/\/szexplaza.net\/shop\/analis-eszkozok\/anal-golyo\/\">an\u00e1l goly\u00f3k<\/a>, <a class=\"wpsc_category_link\" href=\"http:\/\/szexplaza.net\/shop\/analis-eszkozok\/anal-tagito\/\">an\u00e1lis eszk\u00f6z\u00f6k vibr\u00e1tor n\u00e9lk\u00fcl<\/a>, <a class=\"wpsc_category_link\" href=\"http:\/\/szexplaza.net\/shop\/analis-eszkozok\/anal-vibrator\/\">an\u00e1lis eszk\u00f6z\u00f6k vibr\u00e1torral<\/a>, <a class=\"wpsc_category_link\" href=\"http:\/\/szexplaza.net\/shop\/analis-eszkozok\/prosztataizgato\/\">prosztataizgat\u00f3k<\/a>, <a href=\"http:\/\/szexplaza.net\/shop\/dildok\/\">dild\u00f3k<\/a>, <a class=\"wpsc_category_link\" href=\"http:\/\/szexplaza.net\/shop\/dildok\/exkluziv-dildok\/\">exkluz\u00edv dild\u00f3k<\/a>, <a class=\"wpsc_category_link\" href=\"http:\/\/szexplaza.net\/shop\/dildok\/ketvegu-dido\/\">k\u00e9tv\u00e9g\u0171 dild\u00f3<\/a>, <a class=\"wpsc_category_link\" href=\"http:\/\/szexplaza.net\/shop\/dildok\/realisztikus-dildok\/\">realisztikus dild\u00f3k<\/a>, <a href=\"http:\/\/szexplaza.net\/shop\/felcsatolhato-eszkoz\/\">felcsatolhat\u00f3 eszk\u00f6z\u00f6k<\/a>, <a href=\"http:\/\/szexplaza.net\/shop\/gesagolyok\/\">g\u00e9sagoly\u00f3k<\/a>, <a href=\"http:\/\/szexplaza.net\/shop\/intim-keszlet\/\">szex k\u00e9szletek<\/a>, <a href=\"http:\/\/szexplaza.net\/shop\/vaginak\/\">maszturb\u00e1torok<\/a>, <a class=\"wpsc_category_link\" href=\"http:\/\/szexplaza.net\/shop\/vaginak\/vibrator-nelkuli-maszturbator\/\">vibr\u00e1tor n\u00e9lk\u00fcli masztrub\u00e1torok<\/a>, <a class=\"wpsc_category_link\" href=\"http:\/\/szexplaza.net\/shop\/vaginak\/vibratoros-maszturbator\/\">vibr\u00e1toros maszturb\u00e1torok<\/a>, <a href=\"http:\/\/szexplaza.net\/shop\/peniszgyuruk\/\">p\u00e9niszgy\u0171r\u0171k mandzsett\u00e1k<\/a>, <a class=\"wpsc_category_link\" href=\"http:\/\/szexplaza.net\/shop\/peniszgyuruk\/penisz-hosszabbito\/\">p\u00e9nisz hosszabb\u00edt\u00f3k<\/a>, <a class=\"wpsc_category_link\" href=\"http:\/\/szexplaza.net\/shop\/peniszgyuruk\/mandzsetta\/\">mandzsett\u00e1k<\/a>, <a class=\"wpsc_category_link\" href=\"http:\/\/szexplaza.net\/shop\/peniszgyuruk\/penisz-gyuru\/\">p\u00e9niszgy\u0171r\u0171k<\/a>, <a href=\"http:\/\/szexplaza.net\/shop\/potencianovelo-tabletta\/\">potencian\u00f6vel\u0151k<\/a>, <a href=\"http:\/\/szexplaza.net\/shop\/szex-drogeria\/penisznovelok\/\">p\u00e9niszn\u00f6vel\u0151k<\/a>, <a href=\"http:\/\/szexplaza.net\/shop\/sadomazo\/\">szad\u00f3 maz\u00f3 term\u00e9kek<\/a>, <a class=\"wpsc_category_link\" href=\"http:\/\/szexplaza.net\/shop\/sadomazo\/bilincsek\/\">bilincsek<\/a>, <a class=\"wpsc_category_link\" href=\"http:\/\/szexplaza.net\/shop\/sadomazo\/egyeb-sm\/\">egy\u00e9b szexeszk\u00f6z\u00f6k<\/a>, <a class=\"wpsc_category_link\" href=\"http:\/\/szexplaza.net\/shop\/sadomazo\/kotozok\/\">k\u00f6t\u00f6z\u0151k<\/a>, <a class=\"wpsc_category_link\" href=\"http:\/\/szexplaza.net\/shop\/sadomazo\/maszkok\/\">maszkok<\/a>, <a class=\"wpsc_category_link\" href=\"http:\/\/szexplaza.net\/shop\/sadomazo\/mellcsipeszek\/\">mellcsipeszek<\/a>, <a class=\"wpsc_category_link\" href=\"http:\/\/szexplaza.net\/shop\/sadomazo\/paskolok\/\">paskol\u00f3k<\/a>, <a href=\"http:\/\/szexplaza.net\/shop\/kellekek\/\">seg\u00e9deszk\u00f6z\u00f6k<\/a>, <a href=\"http:\/\/szexplaza.net\/shop\/sikosito-gel\/\">sikos\u00edt\u00f3k<\/a>, <a href=\"http:\/\/szexplaza.net\/shop\/szexbabak\/\">szexbab\u00e1k<\/a>, <a href=\"http:\/\/szexplaza.net\/shop\/szexi-fehernemuk\/\">szexi feh\u00e9rnem\u0171k<\/a>, <a class=\"wpsc_category_link\" href=\"http:\/\/szexplaza.net\/shop\/szexi-fehernemuk\/cicaruhak\/\">cicaruh\u00e1k<\/a>, <a class=\"wpsc_category_link\" href=\"http:\/\/szexplaza.net\/shop\/szexi-fehernemuk\/harisnyak\/\">harisny\u00e1k<\/a>, <a class=\"wpsc_category_link\" href=\"http:\/\/szexplaza.net\/shop\/szexi-fehernemuk\/szexi-kiegeszitok\/\">kieg\u00e9sz\u00edt\u0151k<\/a>, <a class=\"wpsc_category_link\" href=\"http:\/\/szexplaza.net\/shop\/szexi-fehernemuk\/szexi-jelemzek\/\">szexi jelmezek<\/a>, <a class=\"wpsc_category_link\" href=\"http:\/\/szexplaza.net\/shop\/szexi-fehernemuk\/szexi-ruha\/\">szexi ruh\u00e1k<\/a>, <a href=\"http:\/\/szexplaza.net\/shop\/szex-drogeria\/\">szexpatika<\/a>, <a class=\"wpsc_category_link\" href=\"http:\/\/szexplaza.net\/shop\/szex-drogeria\/ovszerek-szex-drogeria\/\">\u00f3vszerek<\/a>, <a class=\"wpsc_category_link\" href=\"http:\/\/szexplaza.net\/shop\/szex-drogeria\/intim-higenia\/\">intim hig\u00e9nia<\/a>, <a class=\"wpsc_category_link\" href=\"http:\/\/szexplaza.net\/shop\/szex-drogeria\/krem-spray\/\">kr\u00e9mek sprayk<\/a>, <a class=\"wpsc_category_link\" href=\"http:\/\/szexplaza.net\/shop\/szex-drogeria\/feromon-parfum\/\">parf\u00fcm\u00f6k<\/a>, <a href=\"http:\/\/szexplaza.net\/shop\/ajandekok\/\">aj\u00e1nd\u00e9k t\u00e1rgyak<\/a>, <a class=\"wpsc_category_link\" href=\"http:\/\/szexplaza.net\/shop\/ajandekok\/jatekok-tarsasjatekok\/\">j\u00e1t\u00e9kok t\u00e1rsasj\u00e1t\u00e9kok<\/a>, <a class=\"wpsc_category_link\" href=\"http:\/\/szexplaza.net\/shop\/ajandekok\/vicces-ajandekok\/\">vicces aj\u00e1nd\u00e9kok<\/a>, <a href=\"http:\/\/szexplaza.net\/shop\/dvd-video\/\">dvd filmek<\/a>.<\/p>\n<div id=\"wrapper-one\"><\/div>\n<p><a href=\"http:\/\/szexplaza.net\/shop\/\"><img loading=\"lazy\" decoding=\"async\" src=\"http:\/\/s1ex.com\/news\/wp-content\/uploads\/2015\/05\/szexshop-vasarlo-csajok-pucsitanak.jpg\" alt=\"\" width=\"625\" height=\"449\" class=\"aligncenter size-full wp-image-1288177\" \/><\/a><\/p>\n<p>Szexshop online web\u00e1ruh\u00e1z \u00e9s szexbolt. Szexshop Budapest, K\u00e1roly krt. 14. f\u00e9lemelet, nyitva minden nap! Minden van rakt\u00e1ron! <\/p>\n","protected":false},"excerpt":{"rendered":"<p>SZEXSHOP \u00dcZLET 1Lavju szexshop4, K\u00e1roly krt. 14. f\u00e9lemelet, nyitva minden nap! Minden van rakt\u00e1ron! ONLINE SZEXSHOP Szexpl\u00e1za online szexshop rendel\u00e9s regisztr\u00e1ci\u00f3 n\u00e9lk\u00fcl! A term\u00e9keket megrendelheted lakc\u00edmre, vagy sz\u00e1ll\u00edt\u00e1si pontokra. Meg is v\u00e1s\u00e1rolhatod a budapesti Szexshop \u00fczletben, minden van rakt\u00e1ron: Bp. K\u00e1roly krt. 14. f\u00e9lemelet. Szexshop term\u00e9kkateg\u00f3ri\u00e1k: vibr\u00e1torok, exkluz\u00edv vibr\u00e1torok, g-pontos vibr\u00e1torok, letapaszthat\u00f3 vibr\u00e1torok, r\u00fadvibr\u00e1torok, realisztikus &#8230; <a title=\"Online szexshop \u00e9s budapesti szexbolt\" class=\"read-more\" href=\"https:\/\/s1ex.com\/porn\/sexshop\/\" aria-label=\"Read more about Online szexshop \u00e9s budapesti szexbolt\">Olvass tov\u00e1bb<\/a><\/p>\n","protected":false},"author":3,"featured_media":0,"parent":0,"menu_order":0,"comment_status":"open","ping_status":"open","template":"","meta":{"footnotes":""},"class_list":["post-568","page","type-page","status-publish"],"yoast_head":"<!-- This site is optimized with the Yoast SEO plugin v27.0 - https:\/\/yoast.com\/product\/yoast-seo-wordpress\/ -->\n<title>Online szexshop \u00e9s budapesti szexbolt - S1EX.com porn<\/title>\n<meta name=\"robots\" content=\"index, follow, max-snippet:-1, max-image-preview:large, max-video-preview:-1\" \/>\n<link rel=\"canonical\" href=\"https:\/\/s1ex.com\/porn\/sexshop\/\" \/>\n<meta property=\"og:locale\" content=\"hu_HU\" \/>\n<meta property=\"og:type\" content=\"article\" \/>\n<meta property=\"og:title\" content=\"Online szexshop \u00e9s budapesti szexbolt - S1EX.com porn\" \/>\n<meta property=\"og:description\" content=\"SZEXSHOP \u00dcZLET 1Lavju szexshop4, K\u00e1roly krt. 14. f\u00e9lemelet, nyitva minden nap! Minden van rakt\u00e1ron! ONLINE SZEXSHOP Szexpl\u00e1za online szexshop rendel\u00e9s regisztr\u00e1ci\u00f3 n\u00e9lk\u00fcl! A term\u00e9keket megrendelheted lakc\u00edmre, vagy sz\u00e1ll\u00edt\u00e1si pontokra. Meg is v\u00e1s\u00e1rolhatod a budapesti Szexshop \u00fczletben, minden van rakt\u00e1ron: Bp. K\u00e1roly krt. 14. f\u00e9lemelet. Szexshop term\u00e9kkateg\u00f3ri\u00e1k: vibr\u00e1torok, exkluz\u00edv vibr\u00e1torok, g-pontos vibr\u00e1torok, letapaszthat\u00f3 vibr\u00e1torok, r\u00fadvibr\u00e1torok, realisztikus ... Olvass tov\u00e1bb\" \/>\n<meta property=\"og:url\" content=\"https:\/\/s1ex.com\/porn\/sexshop\/\" \/>\n<meta property=\"og:site_name\" content=\"S1EX.com porn\" \/>\n<meta property=\"article:modified_time\" content=\"2017-10-30T10:31:12+00:00\" \/>\n<meta property=\"og:image\" content=\"http:\/\/s1ex.com\/news\/wp-content\/uploads\/2016\/02\/szexshop-szerkesztoseg-blogiras-es-szex-tanacsok.jpg\" \/>\n<meta name=\"twitter:card\" content=\"summary_large_image\" \/>\n<meta name=\"twitter:label1\" content=\"Becs\u00fclt olvas\u00e1si id\u0151\" \/>\n\t<meta name=\"twitter:data1\" content=\"1 perc\" \/>\n<script type=\"application\/ld+json\" class=\"yoast-schema-graph\">{\"@context\":\"https:\/\/schema.org\",\"@graph\":[{\"@type\":\"WebPage\",\"@id\":\"https:\/\/s1ex.com\/porn\/sexshop\/\",\"url\":\"https:\/\/s1ex.com\/porn\/sexshop\/\",\"name\":\"Online szexshop \u00e9s budapesti szexbolt - S1EX.com porn\",\"isPartOf\":{\"@id\":\"https:\/\/s1ex.com\/porn\/#website\"},\"primaryImageOfPage\":{\"@id\":\"https:\/\/s1ex.com\/porn\/sexshop\/#primaryimage\"},\"image\":{\"@id\":\"https:\/\/s1ex.com\/porn\/sexshop\/#primaryimage\"},\"thumbnailUrl\":\"http:\/\/s1ex.com\/news\/wp-content\/uploads\/2016\/02\/szexshop-szerkesztoseg-blogiras-es-szex-tanacsok.jpg\",\"datePublished\":\"2009-05-06T05:16:17+00:00\",\"dateModified\":\"2017-10-30T10:31:12+00:00\",\"breadcrumb\":{\"@id\":\"https:\/\/s1ex.com\/porn\/sexshop\/#breadcrumb\"},\"inLanguage\":\"hu\",\"potentialAction\":[{\"@type\":\"ReadAction\",\"target\":[\"https:\/\/s1ex.com\/porn\/sexshop\/\"]}]},{\"@type\":\"ImageObject\",\"inLanguage\":\"hu\",\"@id\":\"https:\/\/s1ex.com\/porn\/sexshop\/#primaryimage\",\"url\":\"http:\/\/s1ex.com\/news\/wp-content\/uploads\/2016\/02\/szexshop-szerkesztoseg-blogiras-es-szex-tanacsok.jpg\",\"contentUrl\":\"http:\/\/s1ex.com\/news\/wp-content\/uploads\/2016\/02\/szexshop-szerkesztoseg-blogiras-es-szex-tanacsok.jpg\"},{\"@type\":\"BreadcrumbList\",\"@id\":\"https:\/\/s1ex.com\/porn\/sexshop\/#breadcrumb\",\"itemListElement\":[{\"@type\":\"ListItem\",\"position\":1,\"name\":\"Home\",\"item\":\"https:\/\/s1ex.com\/porn\/\"},{\"@type\":\"ListItem\",\"position\":2,\"name\":\"Online szexshop \u00e9s budapesti szexbolt\"}]},{\"@type\":\"WebSite\",\"@id\":\"https:\/\/s1ex.com\/porn\/#website\",\"url\":\"https:\/\/s1ex.com\/porn\/\",\"name\":\"S1EX.com porn\",\"description\":\"bulv\u00e1r, erotika, szex, porn\u00f3\",\"potentialAction\":[{\"@type\":\"SearchAction\",\"target\":{\"@type\":\"EntryPoint\",\"urlTemplate\":\"https:\/\/s1ex.com\/porn\/?s={search_term_string}\"},\"query-input\":{\"@type\":\"PropertyValueSpecification\",\"valueRequired\":true,\"valueName\":\"search_term_string\"}}],\"inLanguage\":\"hu\"}]}<\/script>\n<!-- \/ Yoast SEO plugin. -->","yoast_head_json":{"title":"Online szexshop \u00e9s budapesti szexbolt - S1EX.com porn","robots":{"index":"index","follow":"follow","max-snippet":"max-snippet:-1","max-image-preview":"max-image-preview:large","max-video-preview":"max-video-preview:-1"},"canonical":"https:\/\/s1ex.com\/porn\/sexshop\/","og_locale":"hu_HU","og_type":"article","og_title":"Online szexshop \u00e9s budapesti szexbolt - S1EX.com porn","og_description":"SZEXSHOP \u00dcZLET 1Lavju szexshop4, K\u00e1roly krt. 14. f\u00e9lemelet, nyitva minden nap! Minden van rakt\u00e1ron! ONLINE SZEXSHOP Szexpl\u00e1za online szexshop rendel\u00e9s regisztr\u00e1ci\u00f3 n\u00e9lk\u00fcl! A term\u00e9keket megrendelheted lakc\u00edmre, vagy sz\u00e1ll\u00edt\u00e1si pontokra. Meg is v\u00e1s\u00e1rolhatod a budapesti Szexshop \u00fczletben, minden van rakt\u00e1ron: Bp. K\u00e1roly krt. 14. f\u00e9lemelet. Szexshop term\u00e9kkateg\u00f3ri\u00e1k: vibr\u00e1torok, exkluz\u00edv vibr\u00e1torok, g-pontos vibr\u00e1torok, letapaszthat\u00f3 vibr\u00e1torok, r\u00fadvibr\u00e1torok, realisztikus ... Olvass tov\u00e1bb","og_url":"https:\/\/s1ex.com\/porn\/sexshop\/","og_site_name":"S1EX.com porn","article_modified_time":"2017-10-30T10:31:12+00:00","og_image":[{"url":"http:\/\/s1ex.com\/news\/wp-content\/uploads\/2016\/02\/szexshop-szerkesztoseg-blogiras-es-szex-tanacsok.jpg","type":"","width":"","height":""}],"twitter_card":"summary_large_image","twitter_misc":{"Becs\u00fclt olvas\u00e1si id\u0151":"1 perc"},"schema":{"@context":"https:\/\/schema.org","@graph":[{"@type":"WebPage","@id":"https:\/\/s1ex.com\/porn\/sexshop\/","url":"https:\/\/s1ex.com\/porn\/sexshop\/","name":"Online szexshop \u00e9s budapesti szexbolt - S1EX.com porn","isPartOf":{"@id":"https:\/\/s1ex.com\/porn\/#website"},"primaryImageOfPage":{"@id":"https:\/\/s1ex.com\/porn\/sexshop\/#primaryimage"},"image":{"@id":"https:\/\/s1ex.com\/porn\/sexshop\/#primaryimage"},"thumbnailUrl":"http:\/\/s1ex.com\/news\/wp-content\/uploads\/2016\/02\/szexshop-szerkesztoseg-blogiras-es-szex-tanacsok.jpg","datePublished":"2009-05-06T05:16:17+00:00","dateModified":"2017-10-30T10:31:12+00:00","breadcrumb":{"@id":"https:\/\/s1ex.com\/porn\/sexshop\/#breadcrumb"},"inLanguage":"hu","potentialAction":[{"@type":"ReadAction","target":["https:\/\/s1ex.com\/porn\/sexshop\/"]}]},{"@type":"ImageObject","inLanguage":"hu","@id":"https:\/\/s1ex.com\/porn\/sexshop\/#primaryimage","url":"http:\/\/s1ex.com\/news\/wp-content\/uploads\/2016\/02\/szexshop-szerkesztoseg-blogiras-es-szex-tanacsok.jpg","contentUrl":"http:\/\/s1ex.com\/news\/wp-content\/uploads\/2016\/02\/szexshop-szerkesztoseg-blogiras-es-szex-tanacsok.jpg"},{"@type":"BreadcrumbList","@id":"https:\/\/s1ex.com\/porn\/sexshop\/#breadcrumb","itemListElement":[{"@type":"ListItem","position":1,"name":"Home","item":"https:\/\/s1ex.com\/porn\/"},{"@type":"ListItem","position":2,"name":"Online szexshop \u00e9s budapesti szexbolt"}]},{"@type":"WebSite","@id":"https:\/\/s1ex.com\/porn\/#website","url":"https:\/\/s1ex.com\/porn\/","name":"S1EX.com porn","description":"bulv\u00e1r, erotika, szex, porn\u00f3","potentialAction":[{"@type":"SearchAction","target":{"@type":"EntryPoint","urlTemplate":"https:\/\/s1ex.com\/porn\/?s={search_term_string}"},"query-input":{"@type":"PropertyValueSpecification","valueRequired":true,"valueName":"search_term_string"}}],"inLanguage":"hu"}]}},"_links":{"self":[{"href":"https:\/\/s1ex.com\/porn\/wp-json\/wp\/v2\/pages\/568","targetHints":{"allow":["GET"]}}],"collection":[{"href":"https:\/\/s1ex.com\/porn\/wp-json\/wp\/v2\/pages"}],"about":[{"href":"https:\/\/s1ex.com\/porn\/wp-json\/wp\/v2\/types\/page"}],"author":[{"embeddable":true,"href":"https:\/\/s1ex.com\/porn\/wp-json\/wp\/v2\/users\/3"}],"replies":[{"embeddable":true,"href":"https:\/\/s1ex.com\/porn\/wp-json\/wp\/v2\/comments?post=568"}],"version-history":[{"count":0,"href":"https:\/\/s1ex.com\/porn\/wp-json\/wp\/v2\/pages\/568\/revisions"}],"wp:attachment":[{"href":"https:\/\/s1ex.com\/porn\/wp-json\/wp\/v2\/media?parent=568"}],"curies":[{"name":"wp","href":"https:\/\/api.w.org\/{rel}","templated":true}]}}